{"id":5669,"date":"2023-04-18T16:09:25","date_gmt":"2023-04-18T14:09:25","guid":{"rendered":"https:\/\/betik.es\/producto\/tenedor-de-maiz-175mm-env-maiz-5100\/"},"modified":"2025-05-27T14:03:56","modified_gmt":"2025-05-27T12:03:56","slug":"tenedor-de-maiz-175mm-env-maiz-5100","status":"publish","type":"product","link":"https:\/\/betik.es\/fr\/produit\/tenedor-de-maiz-175mm-env-maiz-5100\/","title":{"rendered":"Fourchette \u00e0 ma\u00efs avec ma\u00efs 175mm (5*100)"},"content":{"rendered":"","protected":false},"excerpt":{"rendered":"","protected":false},"featured_media":16770,"template":"","meta":{"_acf_changed":false,"inline_featured_image":false,"_kad_blocks_custom_css":"","_kad_blocks_head_custom_js":"","_kad_blocks_body_custom_js":"","_kad_blocks_footer_custom_js":"","_kad_post_transparent":"default","_kad_post_title":"","_kad_post_layout":"default","_kad_post_sidebar_id":"","_kad_post_content_style":"default","_kad_post_vertical_padding":"default","_kad_post_feature":"","_kad_post_feature_position":"","_kad_post_header":false,"_kad_post_footer":false,"_kad_post_classname":""},"product_brand":[292],"product_cat":[235],"product_tag":[],"class_list":{"0":"post-5669","1":"product","2":"type-product","3":"status-publish","4":"has-post-thumbnail","6":"product_caracteristicas-reutilisable","7":"product_canal-horeca-fr","8":"product_material-mais","9":"product_brand-betik","10":"product_cat-couverts-et-accessoires","12":"first","13":"instock","14":"purchasable","15":"product-type-simple","16":"entry","17":"content-bg","18":"loop-entry"},"acf":[],"taxonomy_info":{"product_caracteristicas":[{"value":160,"label":"R\u00e9utilisable"}],"product_canal":[{"value":197,"label":"Horeca"}],"product_material":[{"value":205,"label":"Ma\u00efs"}],"product_brand":[{"value":292,"label":"BETIK"}],"product_cat":[{"value":235,"label":"Couverts et accessoires"}]},"featured_image_src_large":["https:\/\/betik.es\/wp-content\/uploads\/2024\/02\/001010846-1-1-1600x1067.jpg",1600,1067,true],"author_info":[],"comment_info":"","_links":{"self":[{"href":"https:\/\/betik.es\/fr\/wp-json\/wp\/v2\/product\/5669","targetHints":{"allow":["GET"]}}],"collection":[{"href":"https:\/\/betik.es\/fr\/wp-json\/wp\/v2\/product"}],"about":[{"href":"https:\/\/betik.es\/fr\/wp-json\/wp\/v2\/types\/product"}],"wp:featuredmedia":[{"embeddable":true,"href":"https:\/\/betik.es\/fr\/wp-json\/wp\/v2\/media\/16770"}],"wp:attachment":[{"href":"https:\/\/betik.es\/fr\/wp-json\/wp\/v2\/media?parent=5669"}],"wp:term":[{"taxonomy":"product_brand","embeddable":true,"href":"https:\/\/betik.es\/fr\/wp-json\/wp\/v2\/product_brand?post=5669"},{"taxonomy":"product_cat","embeddable":true,"href":"https:\/\/betik.es\/fr\/wp-json\/wp\/v2\/product_cat?post=5669"},{"taxonomy":"product_tag","embeddable":true,"href":"https:\/\/betik.es\/fr\/wp-json\/wp\/v2\/product_tag?post=5669"}],"curies":[{"name":"wp","href":"https:\/\/api.w.org\/{rel}","templated":true}]}}