{"id":5307,"date":"2023-04-18T16:15:07","date_gmt":"2023-04-18T14:15:07","guid":{"rendered":"https:\/\/betik.es\/producto\/estuche-wagon-pal-red-torn-100-de-800-ud-picnic\/"},"modified":"2025-05-27T14:03:07","modified_gmt":"2025-05-27T12:03:07","slug":"estuche-wagon-pal-red-torn-100-de-800-ud-picnic","status":"publish","type":"product","link":"https:\/\/betik.es\/fr\/produit\/estuche-wagon-pal-red-torn-100-de-800-ud-picnic\/","title":{"rendered":"Bo\u00eete \u00e0 chariot pal rouge d\u00e9chir\u00e9 (100 de 800 pcs) PICNIC"},"content":{"rendered":"","protected":false},"excerpt":{"rendered":"","protected":false},"featured_media":16314,"template":"","meta":{"_acf_changed":false,"_kad_blocks_custom_css":"","_kad_blocks_head_custom_js":"","_kad_blocks_body_custom_js":"","_kad_blocks_footer_custom_js":"","_kad_post_transparent":"default","_kad_post_title":"","_kad_post_layout":"default","_kad_post_sidebar_id":"","_kad_post_content_style":"default","_kad_post_vertical_padding":"default","_kad_post_feature":"","_kad_post_feature_position":"","_kad_post_header":false,"_kad_post_footer":false,"_kad_post_classname":""},"product_brand":[],"product_cat":[256],"product_tag":[],"class_list":{"0":"post-5307","1":"product","2":"type-product","3":"status-publish","4":"has-post-thumbnail","6":"product_caracteristicas-compostable-fr","7":"product_canal-retail-fr","8":"product_material-bois","9":"product_cat-baguettes","11":"first","12":"instock","13":"purchasable","14":"product-type-simple","15":"entry","16":"content-bg","17":"loop-entry"},"acf":[],"taxonomy_info":{"product_caracteristicas":[{"value":157,"label":"Compostable"}],"product_canal":[{"value":199,"label":"Retail"}],"product_material":[{"value":217,"label":"Bois"}],"product_cat":[{"value":256,"label":"Baguettes"}]},"featured_image_src_large":["https:\/\/betik.es\/wp-content\/uploads\/2024\/02\/001320016-1-1600x1067.jpg",1600,1067,true],"author_info":[],"comment_info":"","_links":{"self":[{"href":"https:\/\/betik.es\/fr\/wp-json\/wp\/v2\/product\/5307","targetHints":{"allow":["GET"]}}],"collection":[{"href":"https:\/\/betik.es\/fr\/wp-json\/wp\/v2\/product"}],"about":[{"href":"https:\/\/betik.es\/fr\/wp-json\/wp\/v2\/types\/product"}],"wp:featuredmedia":[{"embeddable":true,"href":"https:\/\/betik.es\/fr\/wp-json\/wp\/v2\/media\/16314"}],"wp:attachment":[{"href":"https:\/\/betik.es\/fr\/wp-json\/wp\/v2\/media?parent=5307"}],"wp:term":[{"taxonomy":"product_brand","embeddable":true,"href":"https:\/\/betik.es\/fr\/wp-json\/wp\/v2\/product_brand?post=5307"},{"taxonomy":"product_cat","embeddable":true,"href":"https:\/\/betik.es\/fr\/wp-json\/wp\/v2\/product_cat?post=5307"},{"taxonomy":"product_tag","embeddable":true,"href":"https:\/\/betik.es\/fr\/wp-json\/wp\/v2\/product_tag?post=5307"}],"curies":[{"name":"wp","href":"https:\/\/api.w.org\/{rel}","templated":true}]}}