{"id":6902,"date":"2023-02-17T12:53:02","date_gmt":"2023-02-17T11:53:02","guid":{"rendered":"https:\/\/betik.es\/politique-de-cookies\/"},"modified":"2025-01-30T15:13:11","modified_gmt":"2025-01-30T14:13:11","slug":"politique-en-matiere-de-cookies","status":"publish","type":"page","link":"https:\/\/betik.es\/fr\/politique-en-matiere-de-cookies\/","title":{"rendered":"Politique en mati\u00e8re de cookies"},"content":{"rendered":"<style>.kb-row-layout-id6902_9be8f9-3a > .kt-row-column-wrap{align-content:start;}:where(.kb-row-layout-id6902_9be8f9-3a > .kt-row-column-wrap) > .wp-block-kadence-column{justify-content:start;}.kb-row-layout-id6902_9be8f9-3a > .kt-row-column-wrap{column-gap:var(--global-kb-gap-md, 2rem);row-gap:var(--global-kb-gap-md, 2rem);padding-top:80px;padding-right:24px;padding-bottom:80px;padding-left:24px;grid-template-columns:minmax(0, 1fr);}.kb-row-layout-id6902_9be8f9-3a > .kt-row-layout-overlay{opacity:0.30;}@media all and (max-width: 1024px){.kb-row-layout-id6902_9be8f9-3a > .kt-row-column-wrap{grid-template-columns:minmax(0, 1fr);}}@media all and (max-width: 767px){.kb-row-layout-id6902_9be8f9-3a > .kt-row-column-wrap{grid-template-columns:minmax(0, 1fr);}}<\/style><div class=\"kb-row-layout-wrap kb-row-layout-id6902_9be8f9-3a alignnone wp-block-kadence-rowlayout\"><div class=\"kt-row-column-wrap kt-has-1-columns kt-row-layout-equal kt-tab-layout-inherit kt-mobile-layout-row kt-row-valign-top\">\n<style>.kadence-column6902_3c2989-c6 > .kt-inside-inner-col,.kadence-column6902_3c2989-c6 > .kt-inside-inner-col:before{border-top-left-radius:0px;border-top-right-radius:0px;border-bottom-right-radius:0px;border-bottom-left-radius:0px;}.kadence-column6902_3c2989-c6 > .kt-inside-inner-col{column-gap:var(--global-kb-gap-sm, 1rem);}.kadence-column6902_3c2989-c6 > .kt-inside-inner-col{flex-direction:column;}.kadence-column6902_3c2989-c6 > .kt-inside-inner-col > .aligncenter{width:100%;}.kadence-column6902_3c2989-c6 > .kt-inside-inner-col:before{opacity:0.3;}.kadence-column6902_3c2989-c6{position:relative;}@media all and (max-width: 1024px){.kadence-column6902_3c2989-c6 > .kt-inside-inner-col{flex-direction:column;justify-content:center;}}@media all and (max-width: 767px){.kadence-column6902_3c2989-c6 > .kt-inside-inner-col{flex-direction:column;justify-content:center;}}<\/style>\n<div class=\"wp-block-kadence-column kadence-column6902_3c2989-c6\"><div class=\"kt-inside-inner-col\"><style>.wp-block-kadence-advancedheading.kt-adv-heading6902_2a29e1-32, .wp-block-kadence-advancedheading.kt-adv-heading6902_2a29e1-32[data-kb-block=\"kb-adv-heading6902_2a29e1-32\"]{font-style:normal;}.wp-block-kadence-advancedheading.kt-adv-heading6902_2a29e1-32 mark.kt-highlight, .wp-block-kadence-advancedheading.kt-adv-heading6902_2a29e1-32[data-kb-block=\"kb-adv-heading6902_2a29e1-32\"] mark.kt-highlight{font-style:normal;color:#f76a0c;-webkit-box-decoration-break:clone;box-decoration-break:clone;padding-top:0px;padding-right:0px;padding-bottom:0px;padding-left:0px;}.wp-block-kadence-advancedheading.kt-adv-heading6902_2a29e1-32 img.kb-inline-image, .wp-block-kadence-advancedheading.kt-adv-heading6902_2a29e1-32[data-kb-block=\"kb-adv-heading6902_2a29e1-32\"] img.kb-inline-image{width:150px;vertical-align:baseline;}<\/style>\n<h1 class=\"kt-adv-heading6902_2a29e1-32 wp-block-kadence-advancedheading\" data-kb-block=\"kb-adv-heading6902_2a29e1-32\">Politique en mati\u00e8re de cookies<\/h1>\n\n\n\n<p>La pr\u00e9sente politique en mati\u00e8re de cookies vise \u00e0 fournir les informations n\u00e9cessaires pour que tout utilisateur du site puisse d\u00e9cider s&#8217;il autorise l&#8217;installation des cookies utilis\u00e9s et comment les g\u00e9rer. Pour cette raison, nous fournissons une s\u00e9rie de notions de base dont la connaissance nous semble essentielle (ce que sont les cookies et \u00e0 quoi ils peuvent servir, ou comment les d\u00e9sactiver ou les supprimer) pour tout utilisateur d&#8217;Internet, et nous facilitons l&#8217;identification de nos cookies.<\/p>\n\n\n\n<p>L&#8217;information sur la politique en mati\u00e8re de cookies est fournie \u00e0 deux niveaux : le premier, un \u00ab avis \u00bb dans le pied de page du site web, qui avertit de l&#8217;installation de cookies non exempt\u00e9s &#8211; en d\u00e9crivant leur finalit\u00e9 &#8211; en cas de poursuite de la navigation sans modification des param\u00e8tres du navigateur et fournit un lien vers la pr\u00e9sente politique afin que l&#8217;utilisateur puisse en savoir plus sur son contenu et son fonctionnement, ce qui constitue le deuxi\u00e8me niveau d&#8217;information.<\/p>\n\n\n\n<p>Notre politique en mati\u00e8re de cookies est publique et accessible en permanence par le biais du lien activ\u00e9 sur le site web, appel\u00e9 \u00ab Cookies \u00bb, auquel les utilisateurs peuvent acc\u00e9der pour se tenir inform\u00e9s \u00e0 tout moment.<\/p>\n\n\n\n<p>Cette politique de cookies peut \u00eatre mise \u00e0 jour \u00e0 tout moment, en raison d&#8217;une modification r\u00e9glementaire ou de tout changement dans la configuration des cookies utilis\u00e9s.<\/p>\n\n\n\n<p>Notre site web peut utiliser des cookies et d&#8217;autres technologies similaires pour stocker et r\u00e9cup\u00e9rer des informations \u00e0 partir de l&#8217;\u00e9quipement terminal des utilisateurs de ses sites web (ci-apr\u00e8s d\u00e9nomm\u00e9s conjointement \u00ab cookies \u00bb).<\/p>\n\n\n\n<p>Les cookies sont des fichiers informatiques ou des programmes envoy\u00e9s \u00e0 un navigateur par un serveur web qui stockent des informations sur l&#8217;ordinateur de l&#8217;utilisateur lors de l&#8217;acc\u00e8s ou de la navigation sur un site web et permettent l&#8217;acc\u00e8s au site web apr\u00e8s leur installation. En d&#8217;autres termes, il s&#8217;agit d&#8217;\u00e9l\u00e9ments d&#8217;information qu&#8217;un site web installe sur votre appareil lorsque vous le visitez. Ces dispositifs peuvent contenir des informations sur les habitudes de navigation des utilisateurs ou sur l&#8217;\u00e9quipement sur lequel ils sont install\u00e9s, voire \u00eatre utilis\u00e9s pour reconna\u00eetre l&#8217;utilisateur.<\/p>\n\n\n\n<h2 class=\"wp-block-heading\">Types de cookies<\/h2>\n\n\n\n<p>Il existe diff\u00e9rents types de cookies en fonction de la finalit\u00e9 de leur utilisation. Notre site web utilise les types de cookies suivants :<\/p>\n\n\n\n<p><strong>Cookies techniques:<\/strong> Elles permettent \u00e0 l&#8217;utilisateur de naviguer sur le site web et d&#8217;utiliser les diff\u00e9rentes options ou services qui y sont propos\u00e9s, comme, par exemple, l&#8217;identification de la session, l&#8217;acc\u00e8s \u00e0 des zones restreintes, la r\u00e9alisation du processus d&#8217;achat d&#8217;une commande ou le partage de contenus via les r\u00e9seaux sociaux.<\/p>\n\n\n\n<p class=\"has-theme-palette-4-color has-text-color\"><strong>Cookies analytiques:<\/strong> Ils nous permettent de suivre et d&#8217;analyser le comportement des utilisateurs de notre site web. Nous utilisons les services de Google Analytics pour effectuer ces analyses. Les conditions d&#8217;utilisation de ces services peuvent \u00eatre consult\u00e9es aux adresses suivantes: <a href=\"https:\/\/developers.google.com\/analytics\/devguides\/collection\/analyticsjs\/cookie-usage\" target=\"_blank\" rel=\"noreferrer noopener\">https:\/\/developers.google.com\/analytics\/devguides\/collection\/analyticsjs\/cookie-usage<\/a><\/p>\n\n\n\n<p><strong>Cookies publicitaires:<\/strong> sont ceux qui nous permettent de g\u00e9rer, de la mani\u00e8re la plus efficace possible, les espaces publicitaires sur notre site web, sur la base de crit\u00e8res tels que le contenu \u00e9dit\u00e9 ou la fr\u00e9quence d&#8217;affichage des publicit\u00e9s. Cookies de remarketing : par l&#8217;insertion d&#8217;un pixel ou d&#8217;un tag, les visites des utilisateurs sur notre site web sont enregistr\u00e9es afin que des publicit\u00e9s sur nos produits et\/ou services apparaissent sur la timeline de leurs r\u00e9seaux sociaux (Twitter et\/ou Facebook). Les r\u00e9seaux sociaux sont responsables de l&#8217;enregistrement et du stockage des informations pour une dur\u00e9e maximale de 90 \u00e0 180 jours.<\/p>\n\n\n\n<p><strong>Cookies sociaux:<\/strong> Il s&#8217;agit de ceux que les fournisseurs de services de r\u00e9seaux sociaux peuvent installer lorsque l&#8217;utilisateur choisit de partager certains contenus de notre site web sur le r\u00e9seau social qu&#8217;ils exploitent. Les conditions de ces services peuvent \u00eatre consult\u00e9es aux adresses suivantes:<br>Facebook: <a href=\"https:\/\/www.facebook.com\/about\/privacy\/cookies\" target=\"_blank\" rel=\"noreferrer noopener\">https:\/\/www.facebook.com\/about\/privacy\/cookies<\/a><br>Twitter: <a href=\"https:\/\/twitter.com\/privacy\" target=\"_blank\" rel=\"noreferrer noopener\">https:\/\/twitter.com\/privacy<\/a><br>Google Plus\/YouTube: <a href=\"http:\/\/www.google.es\/intl\/es\/policies\/technologies\/types\" target=\"_blank\" rel=\"noreferrer noopener\">http:\/\/www.google.es\/intl\/es\/policies\/technologies\/types<\/a><br>Les cookies que nous utilisons sont anonymes et ne fournissent pas de r\u00e9f\u00e9rences permettant de d\u00e9duire les donn\u00e9es personnelles de l&#8217;utilisateur.<\/p>\n\n\n\n<h2 class=\"wp-block-heading\">Gestion des cookies<\/h2>\n\n\n\n<p>Les cookies seront install\u00e9s apr\u00e8s avoir obtenu le consentement de l&#8217;utilisateur. Nous consid\u00e9rons que nous avons obtenu ce consentement si l&#8217;utilisateur navigue sur notre site web, ou s&#8217;il effectue certaines actions qui impliquent une autorisation expresse pour l&#8217;installation de cookies.<\/p>\n\n\n\n<p>Si l&#8217;utilisateur souhaite r\u00e9voquer le consentement donn\u00e9, il doit supprimer les cookies install\u00e9s et, le cas \u00e9ch\u00e9ant, modifier ses pr\u00e9f\u00e9rences en mati\u00e8re d&#8217;acceptation des cookies par le biais des options de son navigateur. Pour emp\u00eacher leur installation \u00e0 l&#8217;avenir, vous devez activer les options de navigation priv\u00e9e ou de \u00ab Do-Not-Track \u00bb pr\u00e9vues dans votre navigateur, c&#8217;est-\u00e0-dire bloquer ou d\u00e9sactiver l&#8217;installation des cookies.<\/p>\n\n\n\n<p>Pour autoriser, bloquer ou supprimer les cookies install\u00e9s sur votre ordinateur ou dispositif en configurant les options du navigateur qui y est install\u00e9, vous devez suivre les instructions fournies par le navigateur lui-m\u00eame. Vous trouverez ci-dessous les liens pour configurer les cookies des navigateurs les plus populaires:<\/p>\n\n\n\n<p>Internet Explorer : Supprimer et g\u00e9rer les cookies<br>Mozilla Firefox : Supprimer les cookies ; emp\u00eacher les sites web d&#8217;enregistrer vos pr\u00e9f\u00e9rences ou l&#8217;\u00e9tat de votre session dans Firefox<br>Google Chrome : Gestion des cookies et des donn\u00e9es de site<br>Opera : Cookies<br>Safari : Param\u00e8tres Web de Safari<br>Si vous utilisez un autre navigateur, ou si les liens propos\u00e9s ne contiennent pas les informations que vous souhaitez, vous pouvez savoir comment g\u00e9rer les cookies install\u00e9s sur votre ordinateur en acc\u00e9dant au menu \u00ab Options \u00bb ou \u00ab Param\u00e8tres \u00bb du navigateur &#8211; ou \u00e9quivalent &#8211; ou en consultant la section \u00ab Aide \u00bb ou \u00ab Support \u00bb du navigateur.<\/p>\n\n\n\n<p>Certains navigateurs vous permettent de configurer des r\u00e8gles sp\u00e9cifiques &#8211; des exceptions &#8211; pour g\u00e9rer les cookies par site web, de sorte que vous pouvez d\u00e9sactiver les cookies de tous les sites \u00e0 l&#8217;exception de ceux auxquels vous faites confiance.<\/p>\n\n\n\n<p>Si vous souhaitez d\u00e9sactiver les publicit\u00e9s bas\u00e9es sur les cookies de remarketing, vous pouvez utiliser les liens suivants :<\/p>\n\n\n\n<p>Facebook: <a rel=\"noreferrer noopener\" href=\"https:\/\/www.facebook.com\/ads\/website_custom_audiences\" target=\"_blank\">https:\/\/www.facebook.com\/ads\/website_custom_audiences<\/a><br>Twitter: <a rel=\"noreferrer noopener\" href=\"https:\/\/twitter.com\/settings\/account\" target=\"_blank\">https:\/\/twitter.com\/settings\/account<\/a>.<\/p>\n\n\n\n<p>D\u00e9cochez la case \u00ab Contenu promu \u00bb dans les param\u00e8tres de confidentialit\u00e9.<br>En revanche, si vous ne souhaitez pas que le code JavaScript de Google Analytics collecte vos donn\u00e9es de visite, vous pouvez installer le module compl\u00e9mentaire de navigateur pour la d\u00e9sactivation de Google Analytics : <a href=\"https:\/\/tools.google.com\/dlpage\/gaoptout\" target=\"_blank\" rel=\"noreferrer noopener\">https:\/\/tools.google.com\/dlpage\/gaoptout<\/a>. Le plug-in n&#8217;emp\u00eache pas l&#8217;envoi d&#8217;informations au site web ou, d&#8217;une autre mani\u00e8re, \u00e0 d&#8217;autres services d&#8217;analyse du web.<\/p>\n\n\n\n<p>Si vous bloquez ou d\u00e9sactivez l&#8217;utilisation de cookies dans votre navigateur, il est possible que certains services ou fonctionnalit\u00e9s du site web ne soient pas disponibles.<\/p>\n\n\n\n<p>N&#8217;oubliez pas de d\u00e9finir vos pr\u00e9f\u00e9rences sur tous les appareils que vous utilisez pour naviguer sur l&#8217;internet.<\/p>\n<\/div><\/div>\n\n<\/div><\/div>","protected":false},"excerpt":{"rendered":"<p>Politique en mati\u00e8re de cookies La pr\u00e9sente politique en mati\u00e8re de cookies vise \u00e0 fournir les informations n\u00e9cessaires pour que tout utilisateur du site puisse d\u00e9cider s&#8217;il autorise l&#8217;installation des cookies utilis\u00e9s et comment les g\u00e9rer. Pour cette raison, nous fournissons une s\u00e9rie de notions de base dont la connaissance nous semble essentielle (ce que&#8230;<\/p>\n","protected":false},"author":2,"featured_media":0,"parent":0,"menu_order":7,"comment_status":"closed","ping_status":"closed","template":"","meta":{"_acf_changed":false,"_kad_blocks_custom_css":"","_kad_blocks_head_custom_js":"","_kad_blocks_body_custom_js":"","_kad_blocks_footer_custom_js":"","_kad_post_transparent":"disable","_kad_post_title":"hide","_kad_post_layout":"narrow","_kad_post_sidebar_id":"","_kad_post_content_style":"unboxed","_kad_post_vertical_padding":"hide","_kad_post_feature":"hide","_kad_post_feature_position":"","_kad_post_header":false,"_kad_post_footer":false,"_kad_post_classname":"","footnotes":""},"class_list":["post-6902","page","type-page","status-publish","hentry"],"acf":[],"taxonomy_info":[],"featured_image_src_large":false,"author_info":{"display_name":"Betik.es","author_link":"https:\/\/betik.es\/fr\/author\/martatorredev\/"},"comment_info":0,"_links":{"self":[{"href":"https:\/\/betik.es\/fr\/wp-json\/wp\/v2\/pages\/6902","targetHints":{"allow":["GET"]}}],"collection":[{"href":"https:\/\/betik.es\/fr\/wp-json\/wp\/v2\/pages"}],"about":[{"href":"https:\/\/betik.es\/fr\/wp-json\/wp\/v2\/types\/page"}],"author":[{"embeddable":true,"href":"https:\/\/betik.es\/fr\/wp-json\/wp\/v2\/users\/2"}],"replies":[{"embeddable":true,"href":"https:\/\/betik.es\/fr\/wp-json\/wp\/v2\/comments?post=6902"}],"version-history":[{"count":0,"href":"https:\/\/betik.es\/fr\/wp-json\/wp\/v2\/pages\/6902\/revisions"}],"wp:attachment":[{"href":"https:\/\/betik.es\/fr\/wp-json\/wp\/v2\/media?parent=6902"}],"curies":[{"name":"wp","href":"https:\/\/api.w.org\/{rel}","templated":true}]}}