{"id":6900,"date":"2023-02-14T18:41:50","date_gmt":"2023-02-14T17:41:50","guid":{"rendered":"https:\/\/betik.es\/politique-de-confidentialite\/"},"modified":"2024-08-01T11:40:44","modified_gmt":"2024-08-01T09:40:44","slug":"politique-confidentialite","status":"publish","type":"page","link":"https:\/\/betik.es\/fr\/politique-confidentialite\/","title":{"rendered":"Politique de confidentialit\u00e9"},"content":{"rendered":"<style>.kb-row-layout-id6900_bb7593-24 > .kt-row-column-wrap{align-content:start;}:where(.kb-row-layout-id6900_bb7593-24 > .kt-row-column-wrap) > .wp-block-kadence-column{justify-content:start;}.kb-row-layout-id6900_bb7593-24 > .kt-row-column-wrap{column-gap:var(--global-kb-gap-md, 2rem);row-gap:var(--global-kb-gap-md, 2rem);padding-top:80px;padding-right:24px;padding-bottom:80px;padding-left:24px;grid-template-columns:minmax(0, 1fr);}.kb-row-layout-id6900_bb7593-24 > .kt-row-layout-overlay{opacity:0.30;}@media all and (max-width: 1024px){.kb-row-layout-id6900_bb7593-24 > .kt-row-column-wrap{grid-template-columns:minmax(0, 1fr);}}@media all and (max-width: 767px){.kb-row-layout-id6900_bb7593-24 > .kt-row-column-wrap{grid-template-columns:minmax(0, 1fr);}}<\/style><div class=\"kb-row-layout-wrap kb-row-layout-id6900_bb7593-24 alignnone wp-block-kadence-rowlayout\"><div class=\"kt-row-column-wrap kt-has-1-columns kt-row-layout-equal kt-tab-layout-inherit kt-mobile-layout-row kt-row-valign-top\">\n<style>.kadence-column6900_3e4052-78 > .kt-inside-inner-col,.kadence-column6900_3e4052-78 > .kt-inside-inner-col:before{border-top-left-radius:0px;border-top-right-radius:0px;border-bottom-right-radius:0px;border-bottom-left-radius:0px;}.kadence-column6900_3e4052-78 > .kt-inside-inner-col{column-gap:var(--global-kb-gap-sm, 1rem);}.kadence-column6900_3e4052-78 > .kt-inside-inner-col{flex-direction:column;}.kadence-column6900_3e4052-78 > .kt-inside-inner-col > .aligncenter{width:100%;}.kadence-column6900_3e4052-78 > .kt-inside-inner-col:before{opacity:0.3;}.kadence-column6900_3e4052-78{position:relative;}@media all and (max-width: 1024px){.kadence-column6900_3e4052-78 > .kt-inside-inner-col{flex-direction:column;justify-content:center;}}@media all and (max-width: 767px){.kadence-column6900_3e4052-78 > .kt-inside-inner-col{flex-direction:column;justify-content:center;}}<\/style>\n<div class=\"wp-block-kadence-column kadence-column6900_3e4052-78\"><div class=\"kt-inside-inner-col\"><style>.wp-block-kadence-advancedheading.kt-adv-heading6900_82205a-6b, .wp-block-kadence-advancedheading.kt-adv-heading6900_82205a-6b[data-kb-block=\"kb-adv-heading6900_82205a-6b\"]{font-style:normal;}.wp-block-kadence-advancedheading.kt-adv-heading6900_82205a-6b mark.kt-highlight, .wp-block-kadence-advancedheading.kt-adv-heading6900_82205a-6b[data-kb-block=\"kb-adv-heading6900_82205a-6b\"] mark.kt-highlight{font-style:normal;color:#f76a0c;-webkit-box-decoration-break:clone;box-decoration-break:clone;padding-top:0px;padding-right:0px;padding-bottom:0px;padding-left:0px;}.wp-block-kadence-advancedheading.kt-adv-heading6900_82205a-6b img.kb-inline-image, .wp-block-kadence-advancedheading.kt-adv-heading6900_82205a-6b[data-kb-block=\"kb-adv-heading6900_82205a-6b\"] img.kb-inline-image{width:150px;vertical-align:baseline;}<\/style>\n<h1 class=\"kt-adv-heading6900_82205a-6b wp-block-kadence-advancedheading\" data-kb-block=\"kb-adv-heading6900_82205a-6b\">Politique de confidentialit\u00e9<\/h1>\n\n\n\n<p>Conform\u00e9ment \u00e0 la loi organique 15\/1999, du 13 d\u00e9cembre, sur la protection des donn\u00e9es \u00e0 caract\u00e8re personnel (LOPD), nous vous informons que les donn\u00e9es \u00e0 caract\u00e8re personnel que vous nous fournissez \u00e0 travers le site web www.palillosbetik. com, seront trait\u00e9es de mani\u00e8re confidentielle et feront partie d&#8217;un fichier automatis\u00e9 appartenant \u00e0 INDUSTRIAS BETIK, S.A., dont l&#8217;adresse est C\/ Lecesarri, 20, 20560, O\u00f1ate, Guip\u00fazcoa, et qui a \u00e9t\u00e9 d\u00fbment enregistr\u00e9 aupr\u00e8s de l&#8217;AGENCE ESPAGNOLE DE PROTECTION DES DONN\u00c9ES (www.agpd.org).<br>Vos donn\u00e9es personnelles seront utilis\u00e9es aux fins indiqu\u00e9es sur les pages o\u00f9 se trouve le formulaire \u00e9lectronique de collecte des donn\u00e9es personnelles. Elles pourront \u00e9galement \u00eatre conserv\u00e9es pour r\u00e9pondre \u00e0 votre demande et pour vous envoyer (par voie ordinaire ou \u00e9lectronique) des informations relatives \u00e0 notre activit\u00e9 et susceptibles de vous int\u00e9resser, jusqu&#8217;\u00e0 ce que vous nous indiquiez le contraire.<\/p>\n\n\n\n<p>Nous vous informons \u00e9galement que vous pouvez exercer vos droits d&#8217;acc\u00e8s, de rectification, d&#8217;annulation et d&#8217;opposition conform\u00e9ment aux dispositions de la LOPD, en envoyant une lettre recommand\u00e9e ou un formulaire \u00e9quivalent permettant de prouver la r\u00e9ception, accompagn\u00e9e d&#8217;une photocopie de votre carte d&#8217;identit\u00e9 ou de votre num\u00e9ro d&#8217;identification fiscale, \u00e0 l&#8217;adresse suivante : C\/ Lecesarri, 20, 20560, O\u00f1ate, Guip\u00fazcoa. Le fait de ne pas remplir les champs indiqu\u00e9s comme obligatoires, qui figurent sur tout formulaire d&#8217;inscription \u00e9lectronique, peut emp\u00eacher INDUSTRIAS BETIK, S.A. de donner suite \u00e0 votre demande.<\/p>\n\n\n\n<p>INDUSTRIAS BETIK, S.A. ne vend pas, ne c\u00e8de pas, ne loue pas et ne transmet pas, de quelque mani\u00e8re que ce soit, les informations ou les donn\u00e9es personnelles de ses clients\/utilisateurs \u00e0 des tiers.<\/p>\n\n\n\n<p>Nous vous informons que INDUSTRIAS BETIK, S.A. n&#8217;installe pas de cookies dans ses syst\u00e8mes. Les cookies sont de petits fichiers texte stock\u00e9s par le navigateur sur le disque dur de votre ordinateur. Lorsque vous naviguez sur une page web, le serveur peut reconna\u00eetre les cookies et fournir des informations. La plupart des navigateurs acceptent automatiquement l&#8217;utilisation de cookies, mais vous pouvez configurer votre navigateur pour \u00eatre averti sur l&#8217;\u00e9cran de votre ordinateur lorsque vous recevez des cookies et pour emp\u00eacher leur installation sur votre disque dur.<\/p>\n\n\n\n<p>L&#8217;utilisateur garantit que les donn\u00e9es personnelles fournies \u00e0 INDUSTRIAS BETIK, S.A. sont v\u00e9ridiques et est responsable de la communication de tout changement les concernant. L&#8217;utilisateur sera le seul responsable de tout dommage, direct ou indirect, qui pourrait \u00eatre caus\u00e9 \u00e0 INDUSTRIAS BETIK, S.A. ou \u00e0 tout autre tiers du fait que les formulaires aient \u00e9t\u00e9 remplis avec des donn\u00e9es fausses, inexactes, incompl\u00e8tes ou non mises \u00e0 jour. L&#8217;utilisateur n&#8217;inclura pas les donn\u00e9es personnelles de tiers sans leur consentement pr\u00e9alable et \u00e9clair\u00e9, tel qu&#8217;\u00e9tabli dans la pr\u00e9sente politique de confidentialit\u00e9, \u00e9tant l&#8217;unique responsable de leur introduction.<\/p>\n\n\n\n<p>Certains services fournis par INDUSTRIAS BETIK, S.A., peuvent contenir des conditions particuli\u00e8res avec des dispositions sp\u00e9cifiques concernant la protection des donn\u00e9es \u00e0 caract\u00e8re personnel, \u00e9tant ainsi applicables les conditions particuli\u00e8res de chaque cas. Pour tout ce qui n&#8217;est pas r\u00e9glement\u00e9 par les conditions particuli\u00e8res, les conditions g\u00e9n\u00e9rales contenues dans la pr\u00e9sente politique de confidentialit\u00e9 seront applicables en plus des conditions particuli\u00e8res.<\/p>\n\n\n\n<p>INDUSTRIAS BETIK, S.A. a adopt\u00e9 les mesures n\u00e9cessaires pour \u00e9viter l&#8217;alt\u00e9ration, la perte, le traitement ou l&#8217;acc\u00e8s non autoris\u00e9 aux donn\u00e9es personnelles, en tenant compte \u00e0 tout moment de l&#8217;\u00e9tat de la technologie, de la nature des donn\u00e9es stock\u00e9es et des risques auxquels elles sont expos\u00e9es, que ce soit par l&#8217;action humaine ou par l&#8217;environnement physique ou naturel. N\u00e9anmoins, l&#8217;utilisateur doit \u00eatre conscient que les mesures de s\u00e9curit\u00e9 sur Internet ne sont pas inexpugnables.<\/p>\n\n\n\n<p><\/p>\n<\/div><\/div>\n\n<\/div><\/div>","protected":false},"excerpt":{"rendered":"<p>Politique de confidentialit\u00e9 Conform\u00e9ment \u00e0 la loi organique 15\/1999, du 13 d\u00e9cembre, sur la protection des donn\u00e9es \u00e0 caract\u00e8re personnel (LOPD), nous vous informons que les donn\u00e9es \u00e0 caract\u00e8re personnel que vous nous fournissez \u00e0 travers le site web www.palillosbetik. com, seront trait\u00e9es de mani\u00e8re confidentielle et feront partie d&#8217;un fichier automatis\u00e9 appartenant \u00e0 INDUSTRIAS&#8230;<\/p>\n","protected":false},"author":1,"featured_media":0,"parent":0,"menu_order":7,"comment_status":"closed","ping_status":"closed","template":"","meta":{"_acf_changed":false,"_kad_blocks_custom_css":"","_kad_blocks_head_custom_js":"","_kad_blocks_body_custom_js":"","_kad_blocks_footer_custom_js":"","_kad_post_transparent":"disable","_kad_post_title":"hide","_kad_post_layout":"narrow","_kad_post_sidebar_id":"","_kad_post_content_style":"unboxed","_kad_post_vertical_padding":"hide","_kad_post_feature":"hide","_kad_post_feature_position":"","_kad_post_header":false,"_kad_post_footer":false,"_kad_post_classname":"","footnotes":""},"class_list":["post-6900","page","type-page","status-publish","hentry"],"acf":[],"taxonomy_info":[],"featured_image_src_large":false,"author_info":{"display_name":"Betik.es","author_link":"https:\/\/betik.es\/fr\/author\/betik_x53nl5b2\/"},"comment_info":0,"_links":{"self":[{"href":"https:\/\/betik.es\/fr\/wp-json\/wp\/v2\/pages\/6900","targetHints":{"allow":["GET"]}}],"collection":[{"href":"https:\/\/betik.es\/fr\/wp-json\/wp\/v2\/pages"}],"about":[{"href":"https:\/\/betik.es\/fr\/wp-json\/wp\/v2\/types\/page"}],"author":[{"embeddable":true,"href":"https:\/\/betik.es\/fr\/wp-json\/wp\/v2\/users\/1"}],"replies":[{"embeddable":true,"href":"https:\/\/betik.es\/fr\/wp-json\/wp\/v2\/comments?post=6900"}],"version-history":[{"count":0,"href":"https:\/\/betik.es\/fr\/wp-json\/wp\/v2\/pages\/6900\/revisions"}],"wp:attachment":[{"href":"https:\/\/betik.es\/fr\/wp-json\/wp\/v2\/media?parent=6900"}],"curies":[{"name":"wp","href":"https:\/\/api.w.org\/{rel}","templated":true}]}}