{"id":6898,"date":"2023-02-17T12:52:45","date_gmt":"2023-02-17T11:52:45","guid":{"rendered":"https:\/\/betik.es\/mentions-legales\/"},"modified":"2024-08-01T11:44:28","modified_gmt":"2024-08-01T09:44:28","slug":"avis-juridique","status":"publish","type":"page","link":"https:\/\/betik.es\/fr\/avis-juridique\/","title":{"rendered":"Avis juridique"},"content":{"rendered":"<style>.kb-row-layout-id6898_a96926-64 > .kt-row-column-wrap{align-content:start;}:where(.kb-row-layout-id6898_a96926-64 > .kt-row-column-wrap) > .wp-block-kadence-column{justify-content:start;}.kb-row-layout-id6898_a96926-64 > .kt-row-column-wrap{column-gap:var(--global-kb-gap-md, 2rem);row-gap:var(--global-kb-gap-md, 2rem);padding-top:80px;padding-right:24px;padding-bottom:80px;padding-left:24px;grid-template-columns:minmax(0, 1fr);}.kb-row-layout-id6898_a96926-64 > .kt-row-layout-overlay{opacity:0.30;}@media all and (max-width: 1024px){.kb-row-layout-id6898_a96926-64 > .kt-row-column-wrap{grid-template-columns:minmax(0, 1fr);}}@media all and (max-width: 767px){.kb-row-layout-id6898_a96926-64 > .kt-row-column-wrap{grid-template-columns:minmax(0, 1fr);}}<\/style><div class=\"kb-row-layout-wrap kb-row-layout-id6898_a96926-64 alignnone wp-block-kadence-rowlayout\"><div class=\"kt-row-column-wrap kt-has-1-columns kt-row-layout-equal kt-tab-layout-inherit kt-mobile-layout-row kt-row-valign-top\">\n<style>.kadence-column6898_bbe526-d3 > .kt-inside-inner-col,.kadence-column6898_bbe526-d3 > .kt-inside-inner-col:before{border-top-left-radius:0px;border-top-right-radius:0px;border-bottom-right-radius:0px;border-bottom-left-radius:0px;}.kadence-column6898_bbe526-d3 > .kt-inside-inner-col{column-gap:var(--global-kb-gap-sm, 1rem);}.kadence-column6898_bbe526-d3 > .kt-inside-inner-col{flex-direction:column;}.kadence-column6898_bbe526-d3 > .kt-inside-inner-col > .aligncenter{width:100%;}.kadence-column6898_bbe526-d3 > .kt-inside-inner-col:before{opacity:0.3;}.kadence-column6898_bbe526-d3{position:relative;}@media all and (max-width: 1024px){.kadence-column6898_bbe526-d3 > .kt-inside-inner-col{flex-direction:column;justify-content:center;}}@media all and (max-width: 767px){.kadence-column6898_bbe526-d3 > .kt-inside-inner-col{flex-direction:column;justify-content:center;}}<\/style>\n<div class=\"wp-block-kadence-column kadence-column6898_bbe526-d3\"><div class=\"kt-inside-inner-col\"><style>.wp-block-kadence-advancedheading.kt-adv-heading6898_c929c4-6f, .wp-block-kadence-advancedheading.kt-adv-heading6898_c929c4-6f[data-kb-block=\"kb-adv-heading6898_c929c4-6f\"]{font-style:normal;}.wp-block-kadence-advancedheading.kt-adv-heading6898_c929c4-6f mark.kt-highlight, .wp-block-kadence-advancedheading.kt-adv-heading6898_c929c4-6f[data-kb-block=\"kb-adv-heading6898_c929c4-6f\"] mark.kt-highlight{font-style:normal;color:#f76a0c;-webkit-box-decoration-break:clone;box-decoration-break:clone;padding-top:0px;padding-right:0px;padding-bottom:0px;padding-left:0px;}.wp-block-kadence-advancedheading.kt-adv-heading6898_c929c4-6f img.kb-inline-image, .wp-block-kadence-advancedheading.kt-adv-heading6898_c929c4-6f[data-kb-block=\"kb-adv-heading6898_c929c4-6f\"] img.kb-inline-image{width:150px;vertical-align:baseline;}<\/style>\n<h1 class=\"kt-adv-heading6898_c929c4-6f wp-block-kadence-advancedheading\" data-kb-block=\"kb-adv-heading6898_c929c4-6f\">Avis juridique<\/h1>\n\n\n\n<p><strong>Identit\u00e9 du propri\u00e9taire du site<\/strong><\/p>\n\n\n\n<p>Conform\u00e9ment \u00e0 la loi 34\/2002, du 11 juillet, sur les services de la soci\u00e9t\u00e9 de l&#8217;information et le commerce \u00e9lectronique, nous vous informons que le propri\u00e9taire de www.betik.com est :<\/p>\n\n\n\n<p>Nom de l&#8217;entreprise:<br>INDUSTRIAS BETIK, S.A.<\/p>\n\n\n\n<p>C.I.F. no:<br>A20065934<\/p>\n\n\n\n<p>Adresse:<br>C\/ Lecesarri, 20, 20560, O\u00f1ate, Guip\u00fazcoa<\/p>\n\n\n\n<p>T\u00e9l\u00e9phone:<br>943780001<\/p>\n\n\n\n<p>E-mail:<br>comercial@palillosbetik.com<\/p>\n\n\n\n<p><strong>Conditions g\u00e9n\u00e9rales d&#8217;utilisation de ce site web<\/strong><\/p>\n\n\n\n<p>L&#8217;acc\u00e8s \u00e0 ce site web vous conf\u00e8re le statut d&#8217;\u00ab Utilisateur \u00bb, ce qui implique votre acceptation expresse et sans r\u00e9serve des conditions g\u00e9n\u00e9rales publi\u00e9es sur www.palillosbetik.com au moment o\u00f9 vous acc\u00e9dez au site web. Par cons\u00e9quent, l&#8217;utilisateur doit lire les pr\u00e9sentes conditions g\u00e9n\u00e9rales d&#8217;utilisation chaque fois qu&#8217;il souhaite acc\u00e9der et, le cas \u00e9ch\u00e9ant, utiliser les services fournis par l&#8217;interm\u00e9diaire de ce site web, \u00e9tant donn\u00e9 que celles-ci peuvent faire l&#8217;objet de modifications.<\/p>\n\n\n\n<p>En ce sens, on entend par \u00ab utilisateur \u00bb la personne qui acc\u00e8de, navigue, utilise ou participe aux services et activit\u00e9s, gratuits ou payants, r\u00e9alis\u00e9s sur le site www.palillosbetik.com.<\/p>\n\n\n\n<p>2.1 Objet et champ d&#8217;application<\/p>\n\n\n\n<p>Les pr\u00e9sentes conditions g\u00e9n\u00e9rales d&#8217;utilisation r\u00e9gissent l&#8217;acc\u00e8s, la navigation et l&#8217;utilisation de www.palillosbetik.com ainsi que les responsabilit\u00e9s d\u00e9riv\u00e9es de l&#8217;utilisation de ses contenus tels que les textes, graphiques, dessins, conceptions, codes, logiciels, photographies, musiques, vid\u00e9os, sons, bases de donn\u00e9es, images, expressions et informations, ainsi que toute autre cr\u00e9ation prot\u00e9g\u00e9e par les lois nationales et les trait\u00e9s internationaux en mati\u00e8re de propri\u00e9t\u00e9 intellectuelle et industrielle.<\/p>\n\n\n\n<p>INDUSTRIAS BETIK, S.A. pourra \u00e9tablir des conditions particuli\u00e8res applicables \u00e0 l&#8217;utilisation et\/ou \u00e0 la souscription de services sp\u00e9cifiques, les pr\u00e9sentes conditions g\u00e9n\u00e9rales \u00e9tant d&#8217;application compl\u00e9mentaire.<\/p>\n\n\n\n<p>2.2 &#8211; Conditions d&#8217;acc\u00e8s et d&#8217;utilisation des services<\/p>\n\n\n\n<p>L&#8217;acc\u00e8s \u00e0 www.palillosbetik.com est, en principe, gratuit. Cependant, certains services et contenus peuvent \u00eatre soumis \u00e0 la souscription pr\u00e9alable du service ou du produit, \u00e9tant applicables dans ces cas les conditions particuli\u00e8res cr\u00e9\u00e9es \u00e0 cet effet que INDUSTRIAS BETIK, S.A. mettra \u00e0 disposition avant la conclusion du contrat.<\/p>\n\n\n\n<p>Les mineurs qui ont l&#8217;intention d&#8217;utiliser les services contenus dans ce site Web doivent obtenir le consentement pr\u00e9alable de leurs parents, tuteurs ou repr\u00e9sentants l\u00e9gaux, ces derniers \u00e9tant les seuls responsables des actes r\u00e9alis\u00e9s par les mineurs dont ils ont la charge.<\/p>\n\n\n\n<p>\u00c0 tout moment, l&#8217;utilisateur doit faire un usage licite des services de ce site Web, conform\u00e9ment aux pr\u00e9sentes conditions g\u00e9n\u00e9rales, \u00e0 la l\u00e9gislation en vigueur, \u00e0 la morale et \u00e0 l&#8217;ordre public, ainsi qu&#8217;aux pratiques g\u00e9n\u00e9ralement accept\u00e9es sur Internet.<\/p>\n\n\n\n<p>L&#8217;utilisateur garantit que toutes les informations fournies par le biais des formulaires de souscription inclus dans ce site Web sont l\u00e9gales, r\u00e9elles, exactes, v\u00e9ridiques et mises \u00e0 jour. Il incombe \u00e0 l&#8217;utilisateur de notifier imm\u00e9diatement \u00e0 INDUSTRIAS BETIK, S.A. toute modification de l&#8217;information fournie.<\/p>\n\n\n\n<p>L&#8217;utilisateur s&#8217;abstiendra de : introduire des virus, des programmes, des macros ou toute s\u00e9quence de caract\u00e8res dans le but d&#8217;endommager ou d&#8217;alt\u00e9rer les syst\u00e8mes informatiques de ce site Web ; entraver l&#8217;acc\u00e8s d&#8217;autres utilisateurs par la consommation massive de ressources ; capturer les donn\u00e9es incluses dans ce site Web \u00e0 des fins publicitaires ; reproduire, copier, distribuer, transformer ou mettre \u00e0 la disposition de tiers les contenus inclus dans ce site Web ; r\u00e9aliser, par le biais des services inclus dans ce site, des actions susceptibles de porter atteinte \u00e0 la propri\u00e9t\u00e9 intellectuelle, aux secrets industriels, aux engagements contractuels, aux droits \u00e0 l&#8217;honneur, \u00e0 l&#8217;image et \u00e0 la vie priv\u00e9e de tiers ; r\u00e9aliser des actions de concurrence d\u00e9loyale et de publicit\u00e9 ill\u00e9gale.<\/p>\n\n\n\n<p>Si, pour utiliser et\/ou contracter un service sur www.palillosbetik.com, l&#8217;utilisateur doit s&#8217;inscrire, il sera responsable de fournir des informations v\u00e9ridiques et licites. Si, \u00e0 la suite de l&#8217;enregistrement, l&#8217;utilisateur re\u00e7oit un mot de passe, il s&#8217;engage \u00e0 l&#8217;utiliser avec diligence et \u00e0 le garder secret afin d&#8217;acc\u00e9der \u00e0 ces services. Par cons\u00e9quent, l&#8217;utilisateur est responsable de la garde et de la confidentialit\u00e9 des identifiants et\/ou mots de passe qui lui sont fournis et s&#8217;engage \u00e0 ne pas en c\u00e9der l&#8217;usage \u00e0 des tiers, que ce soit de mani\u00e8re temporaire ou permanente, et \u00e0 ne pas en permettre l&#8217;acc\u00e8s \u00e0 des tiers. L&#8217;utilisateur est responsable de l&#8217;utilisation illicite des services par tout tiers ill\u00e9gitime qui utilise un mot de passe \u00e0 cette fin, en raison de l&#8217;utilisation non diligente ou de la perte de ce mot de passe par l&#8217;utilisateur. En cas de vol, de perte ou d&#8217;acc\u00e8s non autoris\u00e9 aux mots de passe, l&#8217;utilisateur sera tenu d&#8217;en informer imm\u00e9diatement INDUSTRIAS BETIK, S.A. afin de les annuler. INDUSTRIAS BETIK, S.A. ne sera en aucun cas responsable des actions r\u00e9alis\u00e9es par des tiers non autoris\u00e9s tant que l&#8217;utilisateur n&#8217;aura pas effectu\u00e9 la notification susmentionn\u00e9e.<\/p>\n\n\n\n<p><strong>Droits de propri\u00e9t\u00e9 intellectuelle et industrielle<\/strong><\/p>\n\n\n\n<p>INDUSTRIAS BETIK, S.A. est titulaire des droits de propri\u00e9t\u00e9 intellectuelle et industrielle de tous les \u00e9l\u00e9ments qui composent www.palillosbetik.com, y compris la marque, le nom commercial ou le signe distinctif. En particulier et sans limitation, la conception graphique, le code source, les logos, les textes, les graphiques, les illustrations, les photographies, les sons et les autres \u00e9l\u00e9ments contenus dans le site Web sont prot\u00e9g\u00e9s par le droit d&#8217;auteur.<\/p>\n\n\n\n<p>En aucun cas l&#8217;acc\u00e8s ou la navigation sur www.palillosbetik.com n&#8217;implique la renonciation, la transmission ou la licence totale ou partielle d&#8217;INDUSTRIAS BETIK, S.A. pour un usage personnel \u00e0 l&#8217;Utilisateur sur ses droits de propri\u00e9t\u00e9 intellectuelle et industrielle.<\/p>\n\n\n\n<p>Par cons\u00e9quent, l&#8217;utilisateur reconna\u00eet que la reproduction, la copie, la distribution, la commercialisation, la transformation, la r\u00e9utilisation, la communication publique et, en g\u00e9n\u00e9ral, toute autre forme d&#8217;exploitation, par quelque proc\u00e9d\u00e9 que ce soit, de tout ou partie des contenus de www.palillosbetik.com et sans l&#8217;autorisation expresse et \u00e9crite d&#8217;INDUSTRIAS BETIK, S.A. constitue une infraction \u00e0 ses droits de propri\u00e9t\u00e9 intellectuelle et\/ou industrielle.<\/p>\n\n\n\n<p>Toute l&#8217;information qui n&#8217;est pas consid\u00e9r\u00e9e comme des donn\u00e9es personnelles transmises volontairement \u00e0 www.palillosbetik.com et par Internet (y compris toute observation, suggestion, id\u00e9e, graphique, etc.) deviendra la propri\u00e9t\u00e9 exclusive d&#8217;INDUSTRIAS BETIK, S.A. qui aura des droits d&#8217;utilisation illimit\u00e9s, sans qu&#8217;il n&#8217;y ait de compensation en sa faveur, ni en faveur de toute autre personne.<\/p>\n\n\n\n<p><strong>R\u00e9gime de responsabilit\u00e9 et de s\u00e9curit\u00e9<\/strong><\/p>\n\n\n\n<p>INDUSTRIAS BETIK, S.A. ne garantit pas la l\u00e9galit\u00e9, la fiabilit\u00e9, l&#8217;utilit\u00e9, la v\u00e9racit\u00e9 ou l&#8217;exactitude des services ou des informations inclus dans www.palillosbetik.com et exclut donc toute responsabilit\u00e9 directe ou indirecte pour les dommages de toute nature, d\u00e9riv\u00e9s de la tromperie de l&#8217;utilit\u00e9 ou des attentes que l&#8217;utilisateur y a d\u00e9pos\u00e9es.<\/p>\n\n\n\n<p>INDUSTRIAS BETIK, S.A. d\u00e9clare avoir adopt\u00e9 les mesures techniques et organisationnelles qui, dans la mesure de ses possibilit\u00e9s et de l&#8217;\u00e9tat de la technologie, permettent le bon fonctionnement du site web et l&#8217;absence de virus et de composants nuisibles, mais elle ne peut \u00eatre tenue responsable : (a) de la continuit\u00e9 et de la disponibilit\u00e9 des contenus et des services figurant sur www.palillosbetik. com et ;(b) de l&#8217;absence d&#8217;erreurs dans lesdits contenus ou de la correction de tout d\u00e9faut pouvant survenir ; (c) de l&#8217;absence de virus et\/ou d&#8217;autres composants nuisibles dans www.palillosbetik.com et ;(d) de l&#8217;impr\u00e9gnabilit\u00e9 des mesures de s\u00e9curit\u00e9 adopt\u00e9es ; (e) des dommages ou pr\u00e9judices caus\u00e9s par toute personne qui violerait les syst\u00e8mes de s\u00e9curit\u00e9 de www.palillosbetik.com et ;(f) de l&#8217;absence de virus ou d&#8217;autres composants nuisibles dans www.palillosbetik.com et ;(g) de l&#8217;absence de virus ou d&#8217;autres composants nuisibles dans www.palillosbetik.com<\/p>\n\n\n\n<p>L&#8217;utilisateur est le seul responsable vis-\u00e0-vis des tiers de toute communication envoy\u00e9e personnellement ou en son nom \u00e0 www.palillosbetik.com et de l&#8217;utilisation ill\u00e9gitime des contenus et des services de ce site web.<\/p>\n\n\n\n<p>INDUSTRIAS BETIK, S.A. se r\u00e9serve le droit de suspendre temporairement et sans pr\u00e9avis l&#8217;accessibilit\u00e9 \u00e0 www.palillosbetik.com pour des raisons de maintenance, de r\u00e9paration, de mise \u00e0 jour ou d&#8217;am\u00e9lioration. Lorsque les circonstances le permettront, INDUSTRIAS BETIK, S.A. publiera sur son site Web, avec un pr\u00e9avis suffisant, un avis indiquant la date \u00e0 laquelle les services seront suspendus.<\/p>\n\n\n\n<p>Les liens vers d&#8217;autres pages web qui peuvent exister sur www.palillosbetik.com et qui peuvent vous conduire \u00e0 des sites web pour lesquels INDUSTRIAS BETIK, S.A. n&#8217;assume aucune responsabilit\u00e9, car elle n&#8217;a aucun contr\u00f4le sur eux, et leur objectif est d&#8217;informer l&#8217;utilisateur d&#8217;autres sources d&#8217;information, de sorte que l&#8217;utilisateur acc\u00e8de sous sa propre responsabilit\u00e9 au contenu et aux conditions d&#8217;utilisation qui les r\u00e9gissent.<\/p>\n\n\n\n<p>INDUSTRIAS BETIK, S.A. n&#8217;est pas responsable de l&#8217;utilisation que les utilisateurs peuvent faire des contenus et services inclus dans son site Web. Par cons\u00e9quent, elle ne garantit pas que l&#8217;utilisation que les utilisateurs peuvent faire des contenus et services auxquels il est fait r\u00e9f\u00e9rence soit conforme aux pr\u00e9sentes conditions g\u00e9n\u00e9rales d&#8217;utilisation, ni qu&#8217;ils le fassent de mani\u00e8re diligente.<\/p>\n\n\n\n<p><strong>Dur\u00e9e et modification<\/strong><\/p>\n\n\n\n<p>La soci\u00e9t\u00e9 INDUSTRIAS BETIK, S.A. se r\u00e9serve le droit de modifier, totalement ou partiellement, les pr\u00e9sentes conditions g\u00e9n\u00e9rales d&#8217;acc\u00e8s en publiant les changements sur le site www.palillosbetik.com. De m\u00eame, INDUSTRIAS BETIK, S.A. peut, sans pr\u00e9avis, apporter les modifications qu&#8217;elle juge opportunes au site Web, et peut changer, supprimer ou ajouter aussi bien les contenus et les services qu&#8217;elle fournit que la mani\u00e8re dont ils sont pr\u00e9sent\u00e9s ou localis\u00e9s. Par cons\u00e9quent, les conditions g\u00e9n\u00e9rales publi\u00e9es au moment o\u00f9 l&#8217;utilisateur acc\u00e8de \u00e0 www.palillosbetik.com seront consid\u00e9r\u00e9es comme \u00e9tant en vigueur, et l&#8217;utilisateur devra donc lire p\u00e9riodiquement ces conditions d&#8217;utilisation.<\/p>\n\n\n\n<p>Ind\u00e9pendamment des dispositions des conditions particuli\u00e8res, INDUSTRIAS BETIK, S.A. peut r\u00e9silier, suspendre ou interrompre, \u00e0 tout moment et sans pr\u00e9avis, l&#8217;acc\u00e8s aux contenus de la page, sans que l&#8217;Utilisateur puisse exiger une quelconque indemnisation.<\/p>\n\n\n\n<p><strong>Droit applicable et juridiction<\/strong><\/p>\n\n\n\n<p>Les relations \u00e9tablies entre INDUSTRIAS BETIK, S.A. et l&#8217;utilisateur seront r\u00e9gies par les dispositions de la r\u00e9glementation en vigueur concernant la l\u00e9gislation applicable et la juridiction comp\u00e9tente. Toutefois, dans les cas o\u00f9 la r\u00e9glementation pr\u00e9voit la possibilit\u00e9 pour les parties de se soumettre \u00e0 une juridiction, INDUSTRIAS BETIK, S.A. et l&#8217;utilisateur, renon\u00e7ant express\u00e9ment \u00e0 toute autre juridiction qui pourrait leur correspondre, se soumettent aux cours et tribunaux de la ville de Saint-S\u00e9bastien.<\/p>\n\n\n\n<p><\/p>\n<\/div><\/div>\n\n<\/div><\/div>","protected":false},"excerpt":{"rendered":"<p>Avis juridique Identit\u00e9 du propri\u00e9taire du site Conform\u00e9ment \u00e0 la loi 34\/2002, du 11 juillet, sur les services de la soci\u00e9t\u00e9 de l&#8217;information et le commerce \u00e9lectronique, nous vous informons que le propri\u00e9taire de www.betik.com est : Nom de l&#8217;entreprise:INDUSTRIAS BETIK, S.A. C.I.F. no:A20065934 Adresse:C\/ Lecesarri, 20, 20560, O\u00f1ate, Guip\u00fazcoa T\u00e9l\u00e9phone:943780001 E-mail:comercial@palillosbetik.com Conditions g\u00e9n\u00e9rales d&#8217;utilisation&#8230;<\/p>\n","protected":false},"author":2,"featured_media":0,"parent":0,"menu_order":7,"comment_status":"closed","ping_status":"closed","template":"","meta":{"_acf_changed":false,"_kad_blocks_custom_css":"","_kad_blocks_head_custom_js":"","_kad_blocks_body_custom_js":"","_kad_blocks_footer_custom_js":"","_kad_post_transparent":"disable","_kad_post_title":"hide","_kad_post_layout":"narrow","_kad_post_sidebar_id":"","_kad_post_content_style":"unboxed","_kad_post_vertical_padding":"hide","_kad_post_feature":"hide","_kad_post_feature_position":"","_kad_post_header":false,"_kad_post_footer":false,"_kad_post_classname":"","footnotes":""},"class_list":["post-6898","page","type-page","status-publish","hentry"],"acf":[],"taxonomy_info":[],"featured_image_src_large":false,"author_info":{"display_name":"Betik.es","author_link":"https:\/\/betik.es\/fr\/author\/martatorredev\/"},"comment_info":0,"_links":{"self":[{"href":"https:\/\/betik.es\/fr\/wp-json\/wp\/v2\/pages\/6898","targetHints":{"allow":["GET"]}}],"collection":[{"href":"https:\/\/betik.es\/fr\/wp-json\/wp\/v2\/pages"}],"about":[{"href":"https:\/\/betik.es\/fr\/wp-json\/wp\/v2\/types\/page"}],"author":[{"embeddable":true,"href":"https:\/\/betik.es\/fr\/wp-json\/wp\/v2\/users\/2"}],"replies":[{"embeddable":true,"href":"https:\/\/betik.es\/fr\/wp-json\/wp\/v2\/comments?post=6898"}],"version-history":[{"count":0,"href":"https:\/\/betik.es\/fr\/wp-json\/wp\/v2\/pages\/6898\/revisions"}],"wp:attachment":[{"href":"https:\/\/betik.es\/fr\/wp-json\/wp\/v2\/media?parent=6898"}],"curies":[{"name":"wp","href":"https:\/\/api.w.org\/{rel}","templated":true}]}}